{"id":14285,"date":"2021-07-07T15:39:31","date_gmt":"2021-07-07T19:39:31","guid":{"rendered":"https:\/\/violontraditionnelsutton.com\/billetterie\/"},"modified":"2026-03-18T20:11:10","modified_gmt":"2026-03-19T00:11:10","slug":"boxoffice","status":"publish","type":"page","link":"https:\/\/violontraditionnelsutton.com\/en\/boxoffice\/","title":{"rendered":"Box Office"},"content":{"rendered":"\n<h1>\n\t\t\tBilletterie\t<\/h1>\n\t\t\t\t<a href=\"https:\/\/lepointdevente.com\/billets\/sutton2025\"  target=\"_blank\" rel=\"noopener\"  itemprop=\"url\">\n\t\t\t\t<img decoding=\"async\" src=\"https:\/\/violontraditionnelsutton.com\/wp-content\/uploads\/2024\/04\/pdv-francais-300x48.png\" alt=\"pdv-francais\" itemprop=\"image\" height=\"48\" width=\"300\" title=\"pdv-francais\" onerror=\"this.style.display='none'\" loading=\"lazy\" \/>\n\t\t\t\t<\/a>\n\t<p>La billetterie ouvrira \u00e0 la fin du printemps 2026.<\/p>\n\t<p>Notre billetterie en ligne est h\u00e9berg\u00e9e sur <strong>Lepointdevente.com<\/strong><\/p>\n<p>Tous nos billets sont vendus \u00e0 la porte, mais leur nombre \u00e9tant limit\u00e9, il est recommand\u00e9 d&#8217;acheter vos billets \u00e0 l&#8217;avance pour vous garantir une place.<\/p>\n<p>Veuillez noter que les billets peuvent \u00eatre achet\u00e9s sur la billetterie en ligne jusqu&#8217;\u00e0 2 heures avant l&#8217;\u00e9v\u00e9nement.<\/p>\n<p>Tout est <strong>gratuit pour les 15 ans et moins<\/strong>, sauf le stage de formation.<\/p>\n\n","protected":false},"excerpt":{"rendered":"<p>Billetterie La billetterie ouvrira \u00e0 la fin du printemps 2026. Notre billetterie en ligne est h\u00e9berg\u00e9e sur Lepointdevente.com Tous nos billets sont vendus \u00e0 la porte, mais leur nombre \u00e9tant limit\u00e9, il est recommand\u00e9 d&#8217;acheter vos billets \u00e0 l&#8217;avance pour vous garantir une place. Veuillez noter que les billets peuvent \u00eatre achet\u00e9s sur la billetterie&hellip;<\/p>\n","protected":false},"author":5,"featured_media":0,"parent":0,"menu_order":25,"comment_status":"closed","ping_status":"closed","template":"","meta":{"footnotes":""},"class_list":["post-14285","page","type-page","status-publish","hentry"],"yoast_head":"<!-- This site is optimized with the Yoast SEO plugin v27.3 - https:\/\/yoast.com\/product\/yoast-seo-wordpress\/ -->\n<title>Box Office - Sutton Traditional Fiddle<\/title>\n<meta name=\"robots\" content=\"index, follow, max-snippet:-1, max-image-preview:large, max-video-preview:-1\" \/>\n<link rel=\"canonical\" href=\"https:\/\/violontraditionnelsutton.com\/en\/boxoffice\/\" \/>\n<meta property=\"og:locale\" content=\"en_US\" \/>\n<meta property=\"og:type\" content=\"article\" \/>\n<meta property=\"og:title\" content=\"Billetterie\" \/>\n<meta property=\"og:description\" content=\"Billetterie du Festival de violon traditionnel de Sutton\" \/>\n<meta property=\"og:url\" content=\"https:\/\/violontraditionnelsutton.com\/en\/boxoffice\/\" \/>\n<meta property=\"og:site_name\" content=\"Sutton Traditional Fiddle\" \/>\n<meta property=\"article:publisher\" content=\"https:\/\/www.facebook.com\/violontrad\" \/>\n<meta property=\"article:modified_time\" content=\"2026-03-19T00:11:10+00:00\" \/>\n<meta property=\"og:image\" content=\"https:\/\/violontraditionnelsutton.com\/wp-content\/uploads\/2024\/01\/combo.png\" \/>\n\t<meta property=\"og:image:width\" content=\"680\" \/>\n\t<meta property=\"og:image:height\" content=\"679\" \/>\n\t<meta property=\"og:image:type\" content=\"image\/png\" \/>\n<meta name=\"twitter:card\" content=\"summary_large_image\" \/>\n<meta name=\"twitter:label1\" content=\"Est. reading time\" \/>\n\t<meta name=\"twitter:data1\" content=\"1 minute\" \/>\n<script type=\"application\/ld+json\" class=\"yoast-schema-graph\">{\"@context\":\"https:\\\/\\\/schema.org\",\"@graph\":[{\"@type\":\"WebPage\",\"@id\":\"https:\\\/\\\/violontraditionnelsutton.com\\\/en\\\/boxoffice\\\/\",\"url\":\"https:\\\/\\\/violontraditionnelsutton.com\\\/en\\\/boxoffice\\\/\",\"name\":\"Box Office - Sutton Traditional Fiddle\",\"isPartOf\":{\"@id\":\"https:\\\/\\\/violontraditionnelsutton.com\\\/en\\\/#website\"},\"primaryImageOfPage\":{\"@id\":\"https:\\\/\\\/violontraditionnelsutton.com\\\/en\\\/boxoffice\\\/#primaryimage\"},\"image\":{\"@id\":\"https:\\\/\\\/violontraditionnelsutton.com\\\/en\\\/boxoffice\\\/#primaryimage\"},\"thumbnailUrl\":\"https:\\\/\\\/violontraditionnelsutton.com\\\/wp-content\\\/uploads\\\/2024\\\/04\\\/pdv-francais-300x48.png\",\"datePublished\":\"2021-07-07T19:39:31+00:00\",\"dateModified\":\"2026-03-19T00:11:10+00:00\",\"breadcrumb\":{\"@id\":\"https:\\\/\\\/violontraditionnelsutton.com\\\/en\\\/boxoffice\\\/#breadcrumb\"},\"inLanguage\":\"en-US\",\"potentialAction\":[{\"@type\":\"ReadAction\",\"target\":[\"https:\\\/\\\/violontraditionnelsutton.com\\\/en\\\/boxoffice\\\/\"]}]},{\"@type\":\"ImageObject\",\"inLanguage\":\"en-US\",\"@id\":\"https:\\\/\\\/violontraditionnelsutton.com\\\/en\\\/boxoffice\\\/#primaryimage\",\"url\":\"https:\\\/\\\/violontraditionnelsutton.com\\\/wp-content\\\/uploads\\\/2024\\\/04\\\/pdv-francais-300x48.png\",\"contentUrl\":\"https:\\\/\\\/violontraditionnelsutton.com\\\/wp-content\\\/uploads\\\/2024\\\/04\\\/pdv-francais-300x48.png\"},{\"@type\":\"BreadcrumbList\",\"@id\":\"https:\\\/\\\/violontraditionnelsutton.com\\\/en\\\/boxoffice\\\/#breadcrumb\",\"itemListElement\":[{\"@type\":\"ListItem\",\"position\":1,\"name\":\"Accueil\",\"item\":\"https:\\\/\\\/violontraditionnelsutton.com\\\/en\\\/home\\\/\"},{\"@type\":\"ListItem\",\"position\":2,\"name\":\"Box Office\"}]},{\"@type\":\"WebSite\",\"@id\":\"https:\\\/\\\/violontraditionnelsutton.com\\\/en\\\/#website\",\"url\":\"https:\\\/\\\/violontraditionnelsutton.com\\\/en\\\/\",\"name\":\"Sutton Traditional Fiddle\",\"description\":\"Lively Music. Living Tradition.\",\"publisher\":{\"@id\":\"https:\\\/\\\/violontraditionnelsutton.com\\\/en\\\/#organization\"},\"potentialAction\":[{\"@type\":\"SearchAction\",\"target\":{\"@type\":\"EntryPoint\",\"urlTemplate\":\"https:\\\/\\\/violontraditionnelsutton.com\\\/en\\\/?s={search_term_string}\"},\"query-input\":{\"@type\":\"PropertyValueSpecification\",\"valueRequired\":true,\"valueName\":\"search_term_string\"}}],\"inLanguage\":\"en-US\"},{\"@type\":\"Organization\",\"@id\":\"https:\\\/\\\/violontraditionnelsutton.com\\\/en\\\/#organization\",\"name\":\"Festival violon traditionnel Sutton\",\"url\":\"https:\\\/\\\/violontraditionnelsutton.com\\\/en\\\/\",\"logo\":{\"@type\":\"ImageObject\",\"inLanguage\":\"en-US\",\"@id\":\"https:\\\/\\\/violontraditionnelsutton.com\\\/en\\\/#\\\/schema\\\/logo\\\/image\\\/\",\"url\":\"https:\\\/\\\/violontraditionnelsutton.com\\\/wp-content\\\/uploads\\\/2020\\\/09\\\/FVTS-logo.png\",\"contentUrl\":\"https:\\\/\\\/violontraditionnelsutton.com\\\/wp-content\\\/uploads\\\/2020\\\/09\\\/FVTS-logo.png\",\"width\":512,\"height\":512,\"caption\":\"Festival violon traditionnel Sutton\"},\"image\":{\"@id\":\"https:\\\/\\\/violontraditionnelsutton.com\\\/en\\\/#\\\/schema\\\/logo\\\/image\\\/\"},\"sameAs\":[\"https:\\\/\\\/www.facebook.com\\\/violontrad\",\"https:\\\/\\\/www.instagram.com\\\/violontradsutton\\\/\"]}]}<\/script>\n<!-- \/ Yoast SEO plugin. -->","yoast_head_json":{"title":"Box Office - Sutton Traditional Fiddle","robots":{"index":"index","follow":"follow","max-snippet":"max-snippet:-1","max-image-preview":"max-image-preview:large","max-video-preview":"max-video-preview:-1"},"canonical":"https:\/\/violontraditionnelsutton.com\/en\/boxoffice\/","og_locale":"en_US","og_type":"article","og_title":"Billetterie","og_description":"Billetterie du Festival de violon traditionnel de Sutton","og_url":"https:\/\/violontraditionnelsutton.com\/en\/boxoffice\/","og_site_name":"Sutton Traditional Fiddle","article_publisher":"https:\/\/www.facebook.com\/violontrad","article_modified_time":"2026-03-19T00:11:10+00:00","og_image":[{"width":680,"height":679,"url":"https:\/\/violontraditionnelsutton.com\/wp-content\/uploads\/2024\/01\/combo.png","type":"image\/png"}],"twitter_card":"summary_large_image","twitter_misc":{"Est. reading time":"1 minute"},"schema":{"@context":"https:\/\/schema.org","@graph":[{"@type":"WebPage","@id":"https:\/\/violontraditionnelsutton.com\/en\/boxoffice\/","url":"https:\/\/violontraditionnelsutton.com\/en\/boxoffice\/","name":"Box Office - Sutton Traditional Fiddle","isPartOf":{"@id":"https:\/\/violontraditionnelsutton.com\/en\/#website"},"primaryImageOfPage":{"@id":"https:\/\/violontraditionnelsutton.com\/en\/boxoffice\/#primaryimage"},"image":{"@id":"https:\/\/violontraditionnelsutton.com\/en\/boxoffice\/#primaryimage"},"thumbnailUrl":"https:\/\/violontraditionnelsutton.com\/wp-content\/uploads\/2024\/04\/pdv-francais-300x48.png","datePublished":"2021-07-07T19:39:31+00:00","dateModified":"2026-03-19T00:11:10+00:00","breadcrumb":{"@id":"https:\/\/violontraditionnelsutton.com\/en\/boxoffice\/#breadcrumb"},"inLanguage":"en-US","potentialAction":[{"@type":"ReadAction","target":["https:\/\/violontraditionnelsutton.com\/en\/boxoffice\/"]}]},{"@type":"ImageObject","inLanguage":"en-US","@id":"https:\/\/violontraditionnelsutton.com\/en\/boxoffice\/#primaryimage","url":"https:\/\/violontraditionnelsutton.com\/wp-content\/uploads\/2024\/04\/pdv-francais-300x48.png","contentUrl":"https:\/\/violontraditionnelsutton.com\/wp-content\/uploads\/2024\/04\/pdv-francais-300x48.png"},{"@type":"BreadcrumbList","@id":"https:\/\/violontraditionnelsutton.com\/en\/boxoffice\/#breadcrumb","itemListElement":[{"@type":"ListItem","position":1,"name":"Accueil","item":"https:\/\/violontraditionnelsutton.com\/en\/home\/"},{"@type":"ListItem","position":2,"name":"Box Office"}]},{"@type":"WebSite","@id":"https:\/\/violontraditionnelsutton.com\/en\/#website","url":"https:\/\/violontraditionnelsutton.com\/en\/","name":"Sutton Traditional Fiddle","description":"Lively Music. Living Tradition.","publisher":{"@id":"https:\/\/violontraditionnelsutton.com\/en\/#organization"},"potentialAction":[{"@type":"SearchAction","target":{"@type":"EntryPoint","urlTemplate":"https:\/\/violontraditionnelsutton.com\/en\/?s={search_term_string}"},"query-input":{"@type":"PropertyValueSpecification","valueRequired":true,"valueName":"search_term_string"}}],"inLanguage":"en-US"},{"@type":"Organization","@id":"https:\/\/violontraditionnelsutton.com\/en\/#organization","name":"Festival violon traditionnel Sutton","url":"https:\/\/violontraditionnelsutton.com\/en\/","logo":{"@type":"ImageObject","inLanguage":"en-US","@id":"https:\/\/violontraditionnelsutton.com\/en\/#\/schema\/logo\/image\/","url":"https:\/\/violontraditionnelsutton.com\/wp-content\/uploads\/2020\/09\/FVTS-logo.png","contentUrl":"https:\/\/violontraditionnelsutton.com\/wp-content\/uploads\/2020\/09\/FVTS-logo.png","width":512,"height":512,"caption":"Festival violon traditionnel Sutton"},"image":{"@id":"https:\/\/violontraditionnelsutton.com\/en\/#\/schema\/logo\/image\/"},"sameAs":["https:\/\/www.facebook.com\/violontrad","https:\/\/www.instagram.com\/violontradsutton\/"]}]}},"_links":{"self":[{"href":"https:\/\/violontraditionnelsutton.com\/en\/wp-json\/wp\/v2\/pages\/14285","targetHints":{"allow":["GET"]}}],"collection":[{"href":"https:\/\/violontraditionnelsutton.com\/en\/wp-json\/wp\/v2\/pages"}],"about":[{"href":"https:\/\/violontraditionnelsutton.com\/en\/wp-json\/wp\/v2\/types\/page"}],"author":[{"embeddable":true,"href":"https:\/\/violontraditionnelsutton.com\/en\/wp-json\/wp\/v2\/users\/5"}],"replies":[{"embeddable":true,"href":"https:\/\/violontraditionnelsutton.com\/en\/wp-json\/wp\/v2\/comments?post=14285"}],"version-history":[{"count":8,"href":"https:\/\/violontraditionnelsutton.com\/en\/wp-json\/wp\/v2\/pages\/14285\/revisions"}],"predecessor-version":[{"id":15270,"href":"https:\/\/violontraditionnelsutton.com\/en\/wp-json\/wp\/v2\/pages\/14285\/revisions\/15270"}],"wp:attachment":[{"href":"https:\/\/violontraditionnelsutton.com\/en\/wp-json\/wp\/v2\/media?parent=14285"}],"curies":[{"name":"wp","href":"https:\/\/api.w.org\/{rel}","templated":true}]}}