{"id":14302,"date":"2024-12-14T13:29:00","date_gmt":"2024-12-14T18:29:00","guid":{"rendered":"https:\/\/violontraditionnelsutton.com\/?page_id=14302"},"modified":"2025-12-01T21:27:45","modified_gmt":"2025-12-02T02:27:45","slug":"lodging","status":"publish","type":"page","link":"https:\/\/violontraditionnelsutton.com\/en\/lodging\/","title":{"rendered":"Lodging"},"content":{"rendered":"\n\n\t\t\t\t<img decoding=\"async\" src=\"https:\/\/violontraditionnelsutton.com\/wp-content\/plugins\/bb-plugin\/img\/pixel.png\" alt=\"\" itemprop=\"image\" onerror=\"this.style.display='none'\" loading='lazy' \/>\n<h1>\n\t\t\tH\u00e9bergement\t<\/h1>\n\t<p>C&#8217;est avec bonheur que le Festival vous offre plusieurs possibilit\u00e9s \u00e0 proximit\u00e9 pour prolonger votre s\u00e9jour au-del\u00e0 d&#8217;une journ\u00e9e: l&#8217;h\u00e9bergement chez notre <strong>partenaire h\u00f4telier<\/strong>\u00a0ou en <strong>camping sur le site<\/strong>.<\/p>\n<h2>\n\t\t\tPartenaire h\u00f4telier\t<\/h2>\n\t\t\t\t<img decoding=\"async\" src=\"https:\/\/violontraditionnelsutton.com\/wp-content\/uploads\/2024\/12\/photo_montagnard.webp\" alt=\"photo_montagnard\" itemprop=\"image\" height=\"1080\" width=\"720\" title=\"photo_montagnard\" onerror=\"this.style.display='none'\" loading='lazy' \/>\n\t\t\t\t<img decoding=\"async\" src=\"https:\/\/violontraditionnelsutton.com\/wp-content\/uploads\/2024\/12\/logo_montagnard.webp\" alt=\"logo_montagnard\" itemprop=\"image\" height=\"91\" width=\"96\" title=\"logo_montagnard\" onerror=\"this.style.display='none'\" loading='lazy' \/>\n\t\t\t\t<img decoding=\"async\" src=\"https:\/\/violontraditionnelsutton.com\/wp-content\/uploads\/2024\/12\/logo_montagnard_2-300x78.webp\" alt=\"logo_montagnard_2\" itemprop=\"image\" height=\"78\" width=\"300\" title=\"logo_montagnard_2\" onerror=\"this.style.display='none'\" loading='lazy' \/>\n\t\t\t\t<img decoding=\"async\" src=\"https:\/\/violontraditionnelsutton.com\/wp-content\/uploads\/2024\/12\/photo_montagnard_2.webp\" alt=\"photo_montagnard_2\" itemprop=\"image\" height=\"1920\" width=\"1280\" title=\"photo_montagnard_2\" onerror=\"this.style.display='none'\" loading='lazy' \/>\n\t<p>Nous vous proposons <strong>Le Montagnard, Auberge, H\u00f4tel et Chalets<\/strong> afin que vous puissiez profiter de votre s\u00e9jour en tout confort. Un d\u00e9cor champ\u00eatre, convivial et chaleureux vous y attend au pied du Mont Sutton.<\/p>\n<p>Pour une r\u00e9servation, veuillez les contacter directement et mentionner votre participation au Festival pour b\u00e9n\u00e9ficier d&#8217;une offre sp\u00e9ciale.<\/p>\n\t\t\t<a href=\"https:\/\/www.montagnard.ca\/\" target=\"_blank\" rel=\"noopener\">\n\t\t\t\t\t\t\tConsulter leur site web\n\t\t\t\t\t<\/a>\n<h2>\n\t\t\tCamping sur le site\t<\/h2>\n\t\t\t\t<img decoding=\"async\" src=\"https:\/\/violontraditionnelsutton.com\/wp-content\/uploads\/2024\/12\/IMG_6029-scaled-e1734194425658.jpg\" alt=\"Camping_2023\" itemprop=\"image\" height=\"750\" width=\"2040\" title=\"Camping_2023\" onerror=\"this.style.display='none'\" loading='lazy' \/>\n\t<p>Pour ceux qui appr\u00e9cient le grand air et l&#8217;eau limpide de la rivi\u00e8re Sutton, nous offrons un site de <strong>camping<\/strong> rustique g\u00e9r\u00e9 par le festival, \u00e0 quelques pas du site principal.<\/p>\n<p>Notre site de camping accepte les petits v\u00e9hicules r\u00e9cr\u00e9atifs (&#8220;vans&#8221;). Des douches sont disponibles pour notre client\u00e8le \u00e0 distance de marche.<\/p>\n\n","protected":false},"excerpt":{"rendered":"<p>H\u00e9bergement C&#8217;est avec bonheur que le Festival vous offre plusieurs possibilit\u00e9s \u00e0 proximit\u00e9 pour prolonger votre s\u00e9jour au-del\u00e0 d&#8217;une journ\u00e9e: l&#8217;h\u00e9bergement chez notre partenaire h\u00f4telier\u00a0ou en camping sur le site. Partenaire h\u00f4telier Nous vous proposons Le Montagnard, Auberge, H\u00f4tel et Chalets afin que vous puissiez profiter de votre s\u00e9jour en tout confort. Un d\u00e9cor champ\u00eatre,&hellip;<\/p>\n","protected":false},"author":12,"featured_media":0,"parent":0,"menu_order":0,"comment_status":"closed","ping_status":"closed","template":"","meta":{"footnotes":""},"class_list":["post-14302","page","type-page","status-publish","hentry"],"yoast_head":"<!-- This site is optimized with the Yoast SEO plugin v27.4 - https:\/\/yoast.com\/product\/yoast-seo-wordpress\/ -->\n<title>Lodging - Sutton Traditional Fiddle<\/title>\n<meta name=\"robots\" content=\"index, follow, max-snippet:-1, max-image-preview:large, max-video-preview:-1\" \/>\n<link rel=\"canonical\" href=\"https:\/\/violontraditionnelsutton.com\/en\/lodging\/\" \/>\n<meta property=\"og:locale\" content=\"en_US\" \/>\n<meta property=\"og:type\" content=\"article\" \/>\n<meta property=\"og:title\" content=\"Lodging - Sutton Traditional Fiddle\" \/>\n<meta property=\"og:description\" content=\"H\u00e9bergement C&#8217;est avec bonheur que le Festival vous offre plusieurs possibilit\u00e9s \u00e0 proximit\u00e9 pour prolonger votre s\u00e9jour au-del\u00e0 d&#8217;une journ\u00e9e: l&#8217;h\u00e9bergement chez notre partenaire h\u00f4telier\u00a0ou en camping sur le site. Partenaire h\u00f4telier Nous vous proposons Le Montagnard, Auberge, H\u00f4tel et Chalets afin que vous puissiez profiter de votre s\u00e9jour en tout confort. Un d\u00e9cor champ\u00eatre,&hellip;\" \/>\n<meta property=\"og:url\" content=\"https:\/\/violontraditionnelsutton.com\/en\/lodging\/\" \/>\n<meta property=\"og:site_name\" content=\"Sutton Traditional Fiddle\" \/>\n<meta property=\"article:publisher\" content=\"https:\/\/www.facebook.com\/violontrad\" \/>\n<meta property=\"article:modified_time\" content=\"2025-12-02T02:27:45+00:00\" \/>\n<meta property=\"og:image\" content=\"https:\/\/violontraditionnelsutton.com\/wp-content\/plugins\/bb-plugin\/img\/pixel.png\" \/>\n<meta name=\"twitter:card\" content=\"summary_large_image\" \/>\n<meta name=\"twitter:label1\" content=\"Est. reading time\" \/>\n\t<meta name=\"twitter:data1\" content=\"2 minutes\" \/>\n<script type=\"application\/ld+json\" class=\"yoast-schema-graph\">{\"@context\":\"https:\\\/\\\/schema.org\",\"@graph\":[{\"@type\":\"WebPage\",\"@id\":\"https:\\\/\\\/violontraditionnelsutton.com\\\/en\\\/lodging\\\/\",\"url\":\"https:\\\/\\\/violontraditionnelsutton.com\\\/en\\\/lodging\\\/\",\"name\":\"Lodging - Sutton Traditional Fiddle\",\"isPartOf\":{\"@id\":\"https:\\\/\\\/violontraditionnelsutton.com\\\/en\\\/#website\"},\"primaryImageOfPage\":{\"@id\":\"https:\\\/\\\/violontraditionnelsutton.com\\\/en\\\/lodging\\\/#primaryimage\"},\"image\":{\"@id\":\"https:\\\/\\\/violontraditionnelsutton.com\\\/en\\\/lodging\\\/#primaryimage\"},\"thumbnailUrl\":\"https:\\\/\\\/violontraditionnelsutton.com\\\/wp-content\\\/plugins\\\/bb-plugin\\\/img\\\/pixel.png\",\"datePublished\":\"2024-12-14T18:29:00+00:00\",\"dateModified\":\"2025-12-02T02:27:45+00:00\",\"breadcrumb\":{\"@id\":\"https:\\\/\\\/violontraditionnelsutton.com\\\/en\\\/lodging\\\/#breadcrumb\"},\"inLanguage\":\"en-US\",\"potentialAction\":[{\"@type\":\"ReadAction\",\"target\":[\"https:\\\/\\\/violontraditionnelsutton.com\\\/en\\\/lodging\\\/\"]}]},{\"@type\":\"ImageObject\",\"inLanguage\":\"en-US\",\"@id\":\"https:\\\/\\\/violontraditionnelsutton.com\\\/en\\\/lodging\\\/#primaryimage\",\"url\":\"https:\\\/\\\/violontraditionnelsutton.com\\\/wp-content\\\/plugins\\\/bb-plugin\\\/img\\\/pixel.png\",\"contentUrl\":\"https:\\\/\\\/violontraditionnelsutton.com\\\/wp-content\\\/plugins\\\/bb-plugin\\\/img\\\/pixel.png\"},{\"@type\":\"BreadcrumbList\",\"@id\":\"https:\\\/\\\/violontraditionnelsutton.com\\\/en\\\/lodging\\\/#breadcrumb\",\"itemListElement\":[{\"@type\":\"ListItem\",\"position\":1,\"name\":\"Accueil\",\"item\":\"https:\\\/\\\/violontraditionnelsutton.com\\\/en\\\/home\\\/\"},{\"@type\":\"ListItem\",\"position\":2,\"name\":\"Lodging\"}]},{\"@type\":\"WebSite\",\"@id\":\"https:\\\/\\\/violontraditionnelsutton.com\\\/en\\\/#website\",\"url\":\"https:\\\/\\\/violontraditionnelsutton.com\\\/en\\\/\",\"name\":\"Sutton Traditional Fiddle\",\"description\":\"Lively Music. Living Tradition.\",\"publisher\":{\"@id\":\"https:\\\/\\\/violontraditionnelsutton.com\\\/en\\\/#organization\"},\"potentialAction\":[{\"@type\":\"SearchAction\",\"target\":{\"@type\":\"EntryPoint\",\"urlTemplate\":\"https:\\\/\\\/violontraditionnelsutton.com\\\/en\\\/?s={search_term_string}\"},\"query-input\":{\"@type\":\"PropertyValueSpecification\",\"valueRequired\":true,\"valueName\":\"search_term_string\"}}],\"inLanguage\":\"en-US\"},{\"@type\":\"Organization\",\"@id\":\"https:\\\/\\\/violontraditionnelsutton.com\\\/en\\\/#organization\",\"name\":\"Festival violon traditionnel Sutton\",\"url\":\"https:\\\/\\\/violontraditionnelsutton.com\\\/en\\\/\",\"logo\":{\"@type\":\"ImageObject\",\"inLanguage\":\"en-US\",\"@id\":\"https:\\\/\\\/violontraditionnelsutton.com\\\/en\\\/#\\\/schema\\\/logo\\\/image\\\/\",\"url\":\"https:\\\/\\\/violontraditionnelsutton.com\\\/wp-content\\\/uploads\\\/2020\\\/09\\\/FVTS-logo.png\",\"contentUrl\":\"https:\\\/\\\/violontraditionnelsutton.com\\\/wp-content\\\/uploads\\\/2020\\\/09\\\/FVTS-logo.png\",\"width\":512,\"height\":512,\"caption\":\"Festival violon traditionnel Sutton\"},\"image\":{\"@id\":\"https:\\\/\\\/violontraditionnelsutton.com\\\/en\\\/#\\\/schema\\\/logo\\\/image\\\/\"},\"sameAs\":[\"https:\\\/\\\/www.facebook.com\\\/violontrad\",\"https:\\\/\\\/www.instagram.com\\\/violontradsutton\\\/\"]}]}<\/script>\n<!-- \/ Yoast SEO plugin. -->","yoast_head_json":{"title":"Lodging - Sutton Traditional Fiddle","robots":{"index":"index","follow":"follow","max-snippet":"max-snippet:-1","max-image-preview":"max-image-preview:large","max-video-preview":"max-video-preview:-1"},"canonical":"https:\/\/violontraditionnelsutton.com\/en\/lodging\/","og_locale":"en_US","og_type":"article","og_title":"Lodging - Sutton Traditional Fiddle","og_description":"H\u00e9bergement C&#8217;est avec bonheur que le Festival vous offre plusieurs possibilit\u00e9s \u00e0 proximit\u00e9 pour prolonger votre s\u00e9jour au-del\u00e0 d&#8217;une journ\u00e9e: l&#8217;h\u00e9bergement chez notre partenaire h\u00f4telier\u00a0ou en camping sur le site. Partenaire h\u00f4telier Nous vous proposons Le Montagnard, Auberge, H\u00f4tel et Chalets afin que vous puissiez profiter de votre s\u00e9jour en tout confort. Un d\u00e9cor champ\u00eatre,&hellip;","og_url":"https:\/\/violontraditionnelsutton.com\/en\/lodging\/","og_site_name":"Sutton Traditional Fiddle","article_publisher":"https:\/\/www.facebook.com\/violontrad","article_modified_time":"2025-12-02T02:27:45+00:00","og_image":[{"url":"https:\/\/violontraditionnelsutton.com\/wp-content\/plugins\/bb-plugin\/img\/pixel.png","type":"","width":"","height":""}],"twitter_card":"summary_large_image","twitter_misc":{"Est. reading time":"2 minutes"},"schema":{"@context":"https:\/\/schema.org","@graph":[{"@type":"WebPage","@id":"https:\/\/violontraditionnelsutton.com\/en\/lodging\/","url":"https:\/\/violontraditionnelsutton.com\/en\/lodging\/","name":"Lodging - Sutton Traditional Fiddle","isPartOf":{"@id":"https:\/\/violontraditionnelsutton.com\/en\/#website"},"primaryImageOfPage":{"@id":"https:\/\/violontraditionnelsutton.com\/en\/lodging\/#primaryimage"},"image":{"@id":"https:\/\/violontraditionnelsutton.com\/en\/lodging\/#primaryimage"},"thumbnailUrl":"https:\/\/violontraditionnelsutton.com\/wp-content\/plugins\/bb-plugin\/img\/pixel.png","datePublished":"2024-12-14T18:29:00+00:00","dateModified":"2025-12-02T02:27:45+00:00","breadcrumb":{"@id":"https:\/\/violontraditionnelsutton.com\/en\/lodging\/#breadcrumb"},"inLanguage":"en-US","potentialAction":[{"@type":"ReadAction","target":["https:\/\/violontraditionnelsutton.com\/en\/lodging\/"]}]},{"@type":"ImageObject","inLanguage":"en-US","@id":"https:\/\/violontraditionnelsutton.com\/en\/lodging\/#primaryimage","url":"https:\/\/violontraditionnelsutton.com\/wp-content\/plugins\/bb-plugin\/img\/pixel.png","contentUrl":"https:\/\/violontraditionnelsutton.com\/wp-content\/plugins\/bb-plugin\/img\/pixel.png"},{"@type":"BreadcrumbList","@id":"https:\/\/violontraditionnelsutton.com\/en\/lodging\/#breadcrumb","itemListElement":[{"@type":"ListItem","position":1,"name":"Accueil","item":"https:\/\/violontraditionnelsutton.com\/en\/home\/"},{"@type":"ListItem","position":2,"name":"Lodging"}]},{"@type":"WebSite","@id":"https:\/\/violontraditionnelsutton.com\/en\/#website","url":"https:\/\/violontraditionnelsutton.com\/en\/","name":"Sutton Traditional Fiddle","description":"Lively Music. Living Tradition.","publisher":{"@id":"https:\/\/violontraditionnelsutton.com\/en\/#organization"},"potentialAction":[{"@type":"SearchAction","target":{"@type":"EntryPoint","urlTemplate":"https:\/\/violontraditionnelsutton.com\/en\/?s={search_term_string}"},"query-input":{"@type":"PropertyValueSpecification","valueRequired":true,"valueName":"search_term_string"}}],"inLanguage":"en-US"},{"@type":"Organization","@id":"https:\/\/violontraditionnelsutton.com\/en\/#organization","name":"Festival violon traditionnel Sutton","url":"https:\/\/violontraditionnelsutton.com\/en\/","logo":{"@type":"ImageObject","inLanguage":"en-US","@id":"https:\/\/violontraditionnelsutton.com\/en\/#\/schema\/logo\/image\/","url":"https:\/\/violontraditionnelsutton.com\/wp-content\/uploads\/2020\/09\/FVTS-logo.png","contentUrl":"https:\/\/violontraditionnelsutton.com\/wp-content\/uploads\/2020\/09\/FVTS-logo.png","width":512,"height":512,"caption":"Festival violon traditionnel Sutton"},"image":{"@id":"https:\/\/violontraditionnelsutton.com\/en\/#\/schema\/logo\/image\/"},"sameAs":["https:\/\/www.facebook.com\/violontrad","https:\/\/www.instagram.com\/violontradsutton\/"]}]}},"_links":{"self":[{"href":"https:\/\/violontraditionnelsutton.com\/en\/wp-json\/wp\/v2\/pages\/14302","targetHints":{"allow":["GET"]}}],"collection":[{"href":"https:\/\/violontraditionnelsutton.com\/en\/wp-json\/wp\/v2\/pages"}],"about":[{"href":"https:\/\/violontraditionnelsutton.com\/en\/wp-json\/wp\/v2\/types\/page"}],"author":[{"embeddable":true,"href":"https:\/\/violontraditionnelsutton.com\/en\/wp-json\/wp\/v2\/users\/12"}],"replies":[{"embeddable":true,"href":"https:\/\/violontraditionnelsutton.com\/en\/wp-json\/wp\/v2\/comments?post=14302"}],"version-history":[{"count":9,"href":"https:\/\/violontraditionnelsutton.com\/en\/wp-json\/wp\/v2\/pages\/14302\/revisions"}],"predecessor-version":[{"id":15126,"href":"https:\/\/violontraditionnelsutton.com\/en\/wp-json\/wp\/v2\/pages\/14302\/revisions\/15126"}],"wp:attachment":[{"href":"https:\/\/violontraditionnelsutton.com\/en\/wp-json\/wp\/v2\/media?parent=14302"}],"curies":[{"name":"wp","href":"https:\/\/api.w.org\/{rel}","templated":true}]}}