{"id":15519,"date":"2026-04-27T09:43:11","date_gmt":"2026-04-27T13:43:11","guid":{"rendered":"https:\/\/violontraditionnelsutton.com\/info-festival\/"},"modified":"2026-04-28T13:54:28","modified_gmt":"2026-04-28T17:54:28","slug":"my-festival","status":"publish","type":"page","link":"https:\/\/violontraditionnelsutton.com\/en\/my-festival\/","title":{"rendered":"My-Festival"},"content":{"rendered":"\n<h1>\n\t\t\tMon Festival\t<\/h1>\n\t\t\t<a href=\"\/evenements\/aujourd%E2%80%99hui\/\"  target=\"_self\">\n\t\t\t\t\t\t\u00c9v\u00e8nements d&#8217;aujourd&#8217;hui\n\t\t\t\t\t<\/a>\n\t\t\t<a href=\"\/evenements\/liste\/\"  target=\"_self\">\n\t\t\t\t\t\t\u00c9v\u00e8nements \u00e0 venir\n\t\t\t\t\t<\/a>\n\t\t\t<button type=\"button\">\n\t\t\t\t\t\tCarte des emplacements\n\t\t\t\t\t<\/button>\n\t\t\t<img SRC=\"https:\/\/violontraditionnelsutton.com\/wp-content\/uploads\/2025\/07\/Carte-des-emplacements-Web.png\"\/>\t\t\n\t\t\t<a href=\"https:\/\/violontraditionnelsutton.com\/en\/program\/\"  target=\"_self\">\n\t\t\t\t\t\tProgramme d\u00e9taill\u00e9 et biographies\n\t\t\t\t\t<\/a>\n\t\t\t<button type=\"button\">\n\t\t\t\t\t\tHoraire des douches\n\t\t\t\t\t<\/button>\n\t\t\t<b>Emplacement \/ Location<\/b><br \/>\nCoop Gym Sant\u00e9<br \/>\n50, rue Principale Nord<br \/>\n<br \/>\n<b>Horaire \/ Schedule<\/b><br \/>\nJeudi de 10h00 \u00e0 12h00<br \/>\nVendredi de 10h00 \u00e0 12h00<br \/>\nSamedi de 10h00 \u00e0 12h00<br \/>\nDimanche de 10h00 \u00e0 12h00<br \/>\t\t\n\t\t\t<button type=\"button\">\n\t\t\t\t\t\t\tPartenaires\n\t\t\t\t\t<\/button>\n\t\t\t<img SRC=\"https:\/\/violontraditionnelsutton.com\/wp-content\/uploads\/2026\/04\/Logos_partenaires_2026.png\"\/>\t\t\n\t\t\t<a href=\"https:\/\/violontraditionnelsutton.com\/en\/my-festival\/\"  target=\"_self\">\n\t\t\t\t\t\t\tEn\n\t\t\t\t\t<\/a>\n\t<p><a href=\"https:\/\/violontraditionnelsutton.com\/en\/my-festival-help\/\">Obtenir de l&#8217;aide<\/a><\/p>\n\t\n\n","protected":false},"excerpt":{"rendered":"<p>Mon Festival \u00c9v\u00e8nements d&#8217;aujourd&#8217;hui \u00c9v\u00e8nements \u00e0 venir Carte des emplacements Programme d\u00e9taill\u00e9 et biographies Horaire des douches Emplacement \/ Location Coop Gym Sant\u00e9 50, rue Principale Nord Horaire \/ Schedule&hellip;<\/p>\n","protected":false},"author":12,"featured_media":0,"parent":0,"menu_order":0,"comment_status":"closed","ping_status":"closed","template":"","meta":{"footnotes":""},"class_list":["post-15519","page","type-page","status-publish","hentry"],"yoast_head":"<!-- This site is optimized with the Yoast SEO plugin v27.5 - https:\/\/yoast.com\/product\/yoast-seo-wordpress\/ -->\n<title>My-Festival - Sutton Traditional Fiddle<\/title>\n<meta name=\"robots\" content=\"index, follow, max-snippet:-1, max-image-preview:large, max-video-preview:-1\" \/>\n<link rel=\"canonical\" href=\"https:\/\/violontraditionnelsutton.com\/en\/my-festival\/\" \/>\n<meta property=\"og:locale\" content=\"en_US\" \/>\n<meta property=\"og:type\" content=\"article\" \/>\n<meta property=\"og:title\" content=\"My-Festival - Sutton Traditional Fiddle\" \/>\n<meta property=\"og:description\" content=\"Mon Festival \u00c9v\u00e8nements d&#8217;aujourd&#8217;hui \u00c9v\u00e8nements \u00e0 venir Carte des emplacements Programme d\u00e9taill\u00e9 et biographies Horaire des douches Emplacement \/ Location Coop Gym Sant\u00e9 50, rue Principale Nord Horaire \/ Schedule&hellip;\" \/>\n<meta property=\"og:url\" content=\"https:\/\/violontraditionnelsutton.com\/en\/my-festival\/\" \/>\n<meta property=\"og:site_name\" content=\"Sutton Traditional Fiddle\" \/>\n<meta property=\"article:publisher\" content=\"https:\/\/www.facebook.com\/violontrad\" \/>\n<meta property=\"article:modified_time\" content=\"2026-04-28T17:54:28+00:00\" \/>\n<meta property=\"og:image\" content=\"https:\/\/violontraditionnelsutton.com\/wp-content\/uploads\/2020\/09\/facebook-general-fvts.jpg\" \/>\n\t<meta property=\"og:image:width\" content=\"1200\" \/>\n\t<meta property=\"og:image:height\" content=\"630\" \/>\n\t<meta property=\"og:image:type\" content=\"image\/jpeg\" \/>\n<meta name=\"twitter:card\" content=\"summary_large_image\" \/>\n<meta name=\"twitter:label1\" content=\"Est. reading time\" \/>\n\t<meta name=\"twitter:data1\" content=\"1 minute\" \/>\n<script type=\"application\/ld+json\" class=\"yoast-schema-graph\">{\"@context\":\"https:\\\/\\\/schema.org\",\"@graph\":[{\"@type\":\"WebPage\",\"@id\":\"https:\\\/\\\/violontraditionnelsutton.com\\\/en\\\/my-festival\\\/\",\"url\":\"https:\\\/\\\/violontraditionnelsutton.com\\\/en\\\/my-festival\\\/\",\"name\":\"My-Festival - Sutton Traditional Fiddle\",\"isPartOf\":{\"@id\":\"https:\\\/\\\/violontraditionnelsutton.com\\\/en\\\/#website\"},\"datePublished\":\"2026-04-27T13:43:11+00:00\",\"dateModified\":\"2026-04-28T17:54:28+00:00\",\"breadcrumb\":{\"@id\":\"https:\\\/\\\/violontraditionnelsutton.com\\\/en\\\/my-festival\\\/#breadcrumb\"},\"inLanguage\":\"en-US\",\"potentialAction\":[{\"@type\":\"ReadAction\",\"target\":[\"https:\\\/\\\/violontraditionnelsutton.com\\\/en\\\/my-festival\\\/\"]}]},{\"@type\":\"BreadcrumbList\",\"@id\":\"https:\\\/\\\/violontraditionnelsutton.com\\\/en\\\/my-festival\\\/#breadcrumb\",\"itemListElement\":[{\"@type\":\"ListItem\",\"position\":1,\"name\":\"Accueil\",\"item\":\"https:\\\/\\\/violontraditionnelsutton.com\\\/en\\\/home\\\/\"},{\"@type\":\"ListItem\",\"position\":2,\"name\":\"My-Festival\"}]},{\"@type\":\"WebSite\",\"@id\":\"https:\\\/\\\/violontraditionnelsutton.com\\\/en\\\/#website\",\"url\":\"https:\\\/\\\/violontraditionnelsutton.com\\\/en\\\/\",\"name\":\"Sutton Traditional Fiddle\",\"description\":\"Lively Music. Living Tradition.\",\"publisher\":{\"@id\":\"https:\\\/\\\/violontraditionnelsutton.com\\\/en\\\/#organization\"},\"potentialAction\":[{\"@type\":\"SearchAction\",\"target\":{\"@type\":\"EntryPoint\",\"urlTemplate\":\"https:\\\/\\\/violontraditionnelsutton.com\\\/en\\\/?s={search_term_string}\"},\"query-input\":{\"@type\":\"PropertyValueSpecification\",\"valueRequired\":true,\"valueName\":\"search_term_string\"}}],\"inLanguage\":\"en-US\"},{\"@type\":\"Organization\",\"@id\":\"https:\\\/\\\/violontraditionnelsutton.com\\\/en\\\/#organization\",\"name\":\"Festival violon traditionnel Sutton\",\"url\":\"https:\\\/\\\/violontraditionnelsutton.com\\\/en\\\/\",\"logo\":{\"@type\":\"ImageObject\",\"inLanguage\":\"en-US\",\"@id\":\"https:\\\/\\\/violontraditionnelsutton.com\\\/en\\\/#\\\/schema\\\/logo\\\/image\\\/\",\"url\":\"https:\\\/\\\/violontraditionnelsutton.com\\\/wp-content\\\/uploads\\\/2020\\\/09\\\/FVTS-logo.png\",\"contentUrl\":\"https:\\\/\\\/violontraditionnelsutton.com\\\/wp-content\\\/uploads\\\/2020\\\/09\\\/FVTS-logo.png\",\"width\":512,\"height\":512,\"caption\":\"Festival violon traditionnel Sutton\"},\"image\":{\"@id\":\"https:\\\/\\\/violontraditionnelsutton.com\\\/en\\\/#\\\/schema\\\/logo\\\/image\\\/\"},\"sameAs\":[\"https:\\\/\\\/www.facebook.com\\\/violontrad\",\"https:\\\/\\\/www.instagram.com\\\/violontradsutton\\\/\"]}]}<\/script>\n<!-- \/ Yoast SEO plugin. -->","yoast_head_json":{"title":"My-Festival - Sutton Traditional Fiddle","robots":{"index":"index","follow":"follow","max-snippet":"max-snippet:-1","max-image-preview":"max-image-preview:large","max-video-preview":"max-video-preview:-1"},"canonical":"https:\/\/violontraditionnelsutton.com\/en\/my-festival\/","og_locale":"en_US","og_type":"article","og_title":"My-Festival - Sutton Traditional Fiddle","og_description":"Mon Festival \u00c9v\u00e8nements d&#8217;aujourd&#8217;hui \u00c9v\u00e8nements \u00e0 venir Carte des emplacements Programme d\u00e9taill\u00e9 et biographies Horaire des douches Emplacement \/ Location Coop Gym Sant\u00e9 50, rue Principale Nord Horaire \/ Schedule&hellip;","og_url":"https:\/\/violontraditionnelsutton.com\/en\/my-festival\/","og_site_name":"Sutton Traditional Fiddle","article_publisher":"https:\/\/www.facebook.com\/violontrad","article_modified_time":"2026-04-28T17:54:28+00:00","og_image":[{"width":1200,"height":630,"url":"https:\/\/violontraditionnelsutton.com\/wp-content\/uploads\/2020\/09\/facebook-general-fvts.jpg","type":"image\/jpeg"}],"twitter_card":"summary_large_image","twitter_misc":{"Est. reading time":"1 minute"},"schema":{"@context":"https:\/\/schema.org","@graph":[{"@type":"WebPage","@id":"https:\/\/violontraditionnelsutton.com\/en\/my-festival\/","url":"https:\/\/violontraditionnelsutton.com\/en\/my-festival\/","name":"My-Festival - Sutton Traditional Fiddle","isPartOf":{"@id":"https:\/\/violontraditionnelsutton.com\/en\/#website"},"datePublished":"2026-04-27T13:43:11+00:00","dateModified":"2026-04-28T17:54:28+00:00","breadcrumb":{"@id":"https:\/\/violontraditionnelsutton.com\/en\/my-festival\/#breadcrumb"},"inLanguage":"en-US","potentialAction":[{"@type":"ReadAction","target":["https:\/\/violontraditionnelsutton.com\/en\/my-festival\/"]}]},{"@type":"BreadcrumbList","@id":"https:\/\/violontraditionnelsutton.com\/en\/my-festival\/#breadcrumb","itemListElement":[{"@type":"ListItem","position":1,"name":"Accueil","item":"https:\/\/violontraditionnelsutton.com\/en\/home\/"},{"@type":"ListItem","position":2,"name":"My-Festival"}]},{"@type":"WebSite","@id":"https:\/\/violontraditionnelsutton.com\/en\/#website","url":"https:\/\/violontraditionnelsutton.com\/en\/","name":"Sutton Traditional Fiddle","description":"Lively Music. Living Tradition.","publisher":{"@id":"https:\/\/violontraditionnelsutton.com\/en\/#organization"},"potentialAction":[{"@type":"SearchAction","target":{"@type":"EntryPoint","urlTemplate":"https:\/\/violontraditionnelsutton.com\/en\/?s={search_term_string}"},"query-input":{"@type":"PropertyValueSpecification","valueRequired":true,"valueName":"search_term_string"}}],"inLanguage":"en-US"},{"@type":"Organization","@id":"https:\/\/violontraditionnelsutton.com\/en\/#organization","name":"Festival violon traditionnel Sutton","url":"https:\/\/violontraditionnelsutton.com\/en\/","logo":{"@type":"ImageObject","inLanguage":"en-US","@id":"https:\/\/violontraditionnelsutton.com\/en\/#\/schema\/logo\/image\/","url":"https:\/\/violontraditionnelsutton.com\/wp-content\/uploads\/2020\/09\/FVTS-logo.png","contentUrl":"https:\/\/violontraditionnelsutton.com\/wp-content\/uploads\/2020\/09\/FVTS-logo.png","width":512,"height":512,"caption":"Festival violon traditionnel Sutton"},"image":{"@id":"https:\/\/violontraditionnelsutton.com\/en\/#\/schema\/logo\/image\/"},"sameAs":["https:\/\/www.facebook.com\/violontrad","https:\/\/www.instagram.com\/violontradsutton\/"]}]}},"_links":{"self":[{"href":"https:\/\/violontraditionnelsutton.com\/en\/wp-json\/wp\/v2\/pages\/15519","targetHints":{"allow":["GET"]}}],"collection":[{"href":"https:\/\/violontraditionnelsutton.com\/en\/wp-json\/wp\/v2\/pages"}],"about":[{"href":"https:\/\/violontraditionnelsutton.com\/en\/wp-json\/wp\/v2\/types\/page"}],"author":[{"embeddable":true,"href":"https:\/\/violontraditionnelsutton.com\/en\/wp-json\/wp\/v2\/users\/12"}],"replies":[{"embeddable":true,"href":"https:\/\/violontraditionnelsutton.com\/en\/wp-json\/wp\/v2\/comments?post=15519"}],"version-history":[{"count":11,"href":"https:\/\/violontraditionnelsutton.com\/en\/wp-json\/wp\/v2\/pages\/15519\/revisions"}],"predecessor-version":[{"id":15600,"href":"https:\/\/violontraditionnelsutton.com\/en\/wp-json\/wp\/v2\/pages\/15519\/revisions\/15600"}],"wp:attachment":[{"href":"https:\/\/violontraditionnelsutton.com\/en\/wp-json\/wp\/v2\/media?parent=15519"}],"curies":[{"name":"wp","href":"https:\/\/api.w.org\/{rel}","templated":true}]}}