{"id":9075,"date":"2021-05-11T13:16:18","date_gmt":"2021-05-11T17:16:18","guid":{"rendered":"https:\/\/violontraditionnelsutton.com\/?page_id=9075"},"modified":"2026-03-24T20:00:27","modified_gmt":"2026-03-25T00:00:27","slug":"about","status":"publish","type":"page","link":"https:\/\/violontraditionnelsutton.com\/en\/about\/","title":{"rendered":"About"},"content":{"rendered":"\n<h1>\n\t\tSutton Traditional Fiddle Festival\n\t<\/h1>\n\t<p>The STFF is dedicated to the traditional fiddle and offers a showcase for artists from the Quebec and international trad scene, in the heart of the beautiful village of Sutton.<\/p>\n<p>Over the years, the Festival has grown in popularity and has become a must-see summer event across the province -and even across the border- for lovers of traditional music.<\/p>\n<p>Taking place over four days in the center of the village, in a unique mountain landscape, it attracts hundreds of families and festival-goers of all generations with its concerts, dance evenings, sessions, masterclasses as well as its children&#8217;s festival.<\/p>\n<p>Recognized from its creation in 2014 for its ambitious and diverse program as well as its warm welcome, the STFF  was ranked among the four largest traditional music festivals in Quebec by the newspaper <em>Le Devoir<\/em>, just two years after its opening.<\/p>\n<h2>\n\t\tMission\n\t<\/h2>\n\t<p>The Festival aims to be a space for the discovery, promotion and transmission of traditional repertoires from Quebec and around the world to the sound of a flagship instrument, the fiddle. It also aims to encourage emerging artists as well as those who have left their mark on the trad scene in recent decades. The Festival wishes to facilitate a dialogue between musicians of all generations. For the public, it is an opportunity to have a front-row seat to witness the evolution of traditional music, a living art.<\/p>\n<p>The Festival is also a member of the Conseil qu\u00e9b\u00e9cois du patrimoine vivant (CQPV) and works in collaboration with it to promote the activities of members of the trad festival network in Quebec.<\/p>\n\t\t\t<a href=\"https:\/\/violontraditionnelsutton.com\/en\/get-involved\/registration-to-the-courier-trad-sutton\/\" target=\"_self\">\n\t\t\t\t\t\t\tSubscribe to our monthly newsletter\n\t\t\t\t\t<\/a>\n<h2>\n\t\tPress Reviews\n\t<\/h2>\n\t\t\t\t<p>Ici, le violon est roi et il devient pr\u00e9texte \u00e0 une f\u00eate plurielle qui ouvre \u00e0 un tintamarre, des jam-sessions, des contes pour enfants, de la danse familiale, une pr\u00e9sentation d&#8217;instruments, des concerts matinaux, de grands concerts et m\u00eame une chaise musicale [&#8230;].<\/p>\n\t\t\t\t<h4>Yves Bernard, <i>Le Devoir<\/i><\/h4>\n\t\t\t\t<p>Depuis 2014, l&#8217;\u00e9v\u00e9nement gagne en popularit\u00e9, et pas seulement chez les gens du coin. On vient de l&#8217;Ontario, des Maritimes et des \u00c9tats-Unis pour assister \u00e0 la f\u00eate. Le public y va pour danser et entendre le talent d&#8217;artistes venus d&#8217;ici et d&#8217;ailleurs. Les musiciens s&#8217;y rendent pour les m\u00eames raisons, mais aussi pour jouer en bonne compagnie et participer \u00e0 des ateliers de perfectionnement. Oui, le violon est \u00e0 l&#8217;honneur dans ce festival, mais il est souvent accompagn\u00e9 par la guitare, le violoncelle, la contrebasse, l&#8217;accord\u00e9on, la harpe ou la fl\u00fbte.<\/p>\n\t\t\t\t<h4>Isabel Authier, <i>La Voix de l&#8217;Est<\/i><\/h4>\n\t\t\t<a href=\"https:\/\/violontraditionnelsutton.com\/en\/about\/press-review\/\" target=\"_self\">\n\t\t\t\t\t\t\tRead our Complete Press Review\n\t\t\t\t\t<\/a>\n<h2>\n\t\tMusique et Traditions illimit\u00e9es\n\t<\/h2>\n\t<p>The Sutton Traditional Fiddle Festival is produced by Musique et Traditions illimit\u00e9es (MTI), a non-profit organization founded in 2014.<\/p>\n<p>MTI acts as a cultural mediation organization in the Brome-Missisquoi region through the organization of activities promoting traditional music: concerts, dance evenings, training workshops, masterclasses, sessions, animations, as well as an annual festival dedicated to trad fiddle in the village of Sutton.<\/p>\n<p>The objectives of the organization, namely the promotion, dissemination and transmission of traditional music, are supported by many partners in the region and by its network of members.<\/p>\n\t\t\t<a href=\"https:\/\/violontraditionnelsutton.com\/en\/get-involved\/registration-to-the-courier-trad-sutton\/\" role=\"button\" target=\"_self\" onclick=\"\">\n\t\t\t\t\t\t\t\t\t\t\t\t\t\t\t\t\t\t\t\t\t\tJoin us for Free\n\t\t\t\t\t\t\t<\/a>\n\t\t\t<a href=\"https:\/\/violontraditionnelsutton.com\/en\/get-involved\/#partenaire\" role=\"button\" target=\"_self\" onclick=\"\">\n\t\t\t\t\t\t\t\t\t\t\t\t\t\t\t\t\t\t\t\t\t\tBecome a Partner\n\t\t\t\t\t\t\t<\/a>\n<h3>\n\t\tBoard of Directors  (2024-2025)\n\t<\/h3>\n\t\t<ul>\n\t\t\t\t\t<li>\n\t\t\t\t<h6>President<\/h6>\n\t\t<p>Marie Champoux<\/p>\t\t\t\n\t\t\t<\/li>\n\t\t\t\t\t<li>\n\t\t\t\t<h6>Vice-president<\/h6>\n\t\t<p>Christian Mc Nicoll<\/p>\t\t\t\n\t\t\t<\/li>\n\t\t\t\t\t<li>\n\t\t\t\t<h6>Secretary<\/h6>\n\t\t<p>Richard Lupien<\/p>\t\t\t\n\t\t\t<\/li>\n\t\t\t\t\t<li>\n\t\t\t\t<h6>Treasurer<\/h6>\n\t\t<p>Olivier Mass\u00e9<\/p>\t\t\t\n\t\t\t<\/li>\n\t\t\t\t\t<li>\n\t\t\t\t<h6>Members<\/h6>\n\t\t<p>Jonathan B\u00e9langer<br \/>Normand Goulet<br \/>Nathalie Loiselle<\/p>\t\t\t\n\t\t\t<\/li>\n\t\t\t\t<\/ul>\n<h3>\n\t\t2025 Team Members\n\t<\/h3>\n\t\t<ul>\n\t\t\t\t\t<li>\n\t\t\t\t<h6>Artistic director<\/h6>\n\t\t<p>Pascal Gemme<\/p>\t\t\t\n\t\t\t<\/li>\n\t\t\t\t\t<li>\n\t\t\t\t<h6>Production manager<\/h6>\n\t\t<p>Jonathan B\u00e9langer<\/p>\t\t\t\n\t\t\t<\/li>\n\t\t\t\t\t<li>\n\t\t\t\t<h6>Site and logistics manager<\/h6>\n\t\t<p>Normand Goulet<\/p>\t\t\t\n\t\t\t<\/li>\n\t\t\t\t\t<li>\n\t\t\t\t<h6>Volunteering coordinator<\/h6>\n\t\t<p>Nathalie Loiselle<\/p>\t\t\t\n\t\t\t<\/li>\n\t\t\t\t<\/ul>\n<h3>\n\t\tMain Partners\n\t<\/h3>\n        \t<a href=\"https:\/\/www.calq.gouv.qc.ca\/\" target=\"_blank\" rel=\"nofollow noopener\">            \n\t\t\t\t\t\t<img decoding=\"async\" src=\"https:\/\/violontraditionnelsutton.com\/wp-content\/uploads\/2020\/08\/Calq-v2.png\" alt=\"Conseil des arts et des lettre du Qu\u00e9bec\" data-no-lazy=\"1\" \/>\t\t\t\t\t\n                            <p>Conseil des arts et des lettre du Qu\u00e9bec<\/p>\n            <\/a>\t\t\n        \t<a href=\"https:\/\/www.canada.ca\/fr\/patrimoine-canadien.html\" target=\"_blank\" rel=\"nofollow noopener\">            \n\t\t\t\t\t\t<img decoding=\"async\" src=\"https:\/\/violontraditionnelsutton.com\/wp-content\/uploads\/2020\/08\/Canada.png\" alt=\"Heritage Canada\" data-no-lazy=\"1\" \/>\t\t\t\t\t\n                            <p>Heritage Canada<\/p>\n            <\/a>\t\t\n        \t<a href=\"https:\/\/sutton.ca\/en\" target=\"_blank\" rel=\"nofollow noopener\">            \n\t\t\t\t\t\t<img decoding=\"async\" src=\"https:\/\/violontraditionnelsutton.com\/wp-content\/uploads\/2020\/08\/ville-de-Sutton.png\" alt=\"Town of Sutton\" data-no-lazy=\"1\" \/>\t\t\t\t\t\n                            <p>Town of Sutton<\/p>\n            <\/a>\t\t\n        \t<a href=\"https:\/\/www.quebec.ca\/gouvernement\/ministere\/affaires-municipales\" target=\"_blank\" rel=\"nofollow noopener\">            \n\t\t\t\t\t\t<img decoding=\"async\" src=\"https:\/\/violontraditionnelsutton.com\/wp-content\/uploads\/2020\/08\/1920px-Ministere_des_Affaires_municipales_et_Habitation_logo_2018.svg_.png\" alt=\"Minist\u00e8re des Affaires municipales et de l'Habitation\" data-no-lazy=\"1\" \/>\t\t\t\t\t\n                            <p>Minist\u00e8re des Affaires municipales et de l&#8217;Habitation<\/p>\n            <\/a>\t\t\n\t\t\t\t\t\t<img decoding=\"async\" src=\"https:\/\/violontraditionnelsutton.com\/wp-content\/uploads\/2020\/08\/cld_brome_missisquoi.png\" alt=\"CLD Brome-Missisquoi\" data-no-lazy=\"1\" \/>\t\t\t\t\t\n                            <p>CLD Brome-Missisquoi<\/p>\n        \t<a href=\"https:\/\/www.fondationsocan.ca\/\" target=\"_blank\" rel=\"nofollow noopener\">            \n\t\t\t\t\t\t<img decoding=\"async\" src=\"https:\/\/violontraditionnelsutton.com\/wp-content\/uploads\/2020\/08\/SOCAN.png\" alt=\"Fondation SOCAN\" data-no-lazy=\"1\" \/>\t\t\t\t\t\n                            <p>Fondation SOCAN<\/p>\n            <\/a>\t\t\n        \t<a href=\"http:\/\/www.hydroquebec.com\" target=\"_blank\" rel=\"nofollow noopener\">            \n\t\t\t\t\t\t<img decoding=\"async\" src=\"https:\/\/violontraditionnelsutton.com\/wp-content\/uploads\/2025\/01\/HQ-Logo-Noir-e1737825297177.png\" alt=\"Hydro-Qu\u00e9bec\" data-no-lazy=\"1\" \/>\t\t\t\t\t\n                            <p>Hydro-Qu\u00e9bec<\/p>\n            <\/a>\t\t\n\t\t\t\t\t\t<img decoding=\"async\" src=\"https:\/\/violontraditionnelsutton.com\/wp-content\/uploads\/2025\/01\/Logo-Boulanger-Bedard-e1737825708248.png\" alt=\"Fondation Boulanger-Bedard\" data-no-lazy=\"1\" \/>\t\t\t\t\t\n                            <p>Fondation Boulanger-Bedard<\/p>\n        \t<a href=\"https:\/\/www.lafabriqueculturelle.tv\/\" target=\"_blank\" rel=\"nofollow noopener\">            \n\t\t\t\t\t\t<img decoding=\"async\" src=\"https:\/\/violontraditionnelsutton.com\/wp-content\/uploads\/2025\/05\/logo-la-fabrique-culturelle-1.png\" alt=\"La fabrique culturelle\" data-no-lazy=\"1\" \/>\t\t\t\t\t\n                            <p>La fabrique culturelle<\/p>\n            <\/a>\t\t\n<h2>\n\t\tPolicies, Guidelines, and Code of Ethics\n\t<\/h2>\n\t<p>Musique et Traditions Illimit\u00e9es\u00a0has established codes, policies, and guidelines approved by its board of directors.<\/p>\n<p>In addition to its <strong>code of ethics for board members and management<\/strong>, its <strong>human resources policy<\/strong>, and its <strong>social development <\/strong>and<strong> anti-harassment <\/strong>guidelines, the organization also has a <strong>sustainability policy<\/strong> and an <strong>equity, diversity, and inclusion policy<\/strong>.<\/p>\n\t\t\t\t<img loading=\"lazy\" decoding=\"async\" src=\"https:\/\/violontraditionnelsutton.com\/wp-content\/uploads\/2024\/07\/anticosti-150x150.jpg\" alt=\"(C) Thosetimes CC BY-SA 4.0\" itemprop=\"image\" height=\"150\" width=\"150\" title=\"anticosti\" onerror=\"this.style.display='none'\"  \/>\n\t\t\t\t\t\t(C) Thosetimes CC BY-SA 4.0\n\t<p><strong>Sustainability Policy<\/strong><\/p>\n<p>Musique et Traditions Illimit\u00e9es\u00a0is committed to integrating sustainable practices into all its activities. Beyond our organization&#8217;s mission, we consider it our duty to contribute positively to society and the environment while respecting the needs of future generations. This policy guides our actions and promotes social and environmental responsibility.<\/p>\n\t\t\t\t<img loading=\"lazy\" decoding=\"async\" src=\"https:\/\/violontraditionnelsutton.com\/wp-content\/uploads\/2024\/09\/rearview-diverse-people-hugging-each-other-150x150.jpg\" alt=\"Rearview of diverse people hugging each other\" itemprop=\"image\" height=\"150\" width=\"150\" title=\"Rearview of diverse people hugging each other\" onerror=\"this.style.display='none'\"  \/>\n\t<p><strong>Equity, Diversity, and Inclusion Policy<\/strong><\/p>\n<p>Musique et Traditions Illimit\u00e9es\u00a0is dedicated to promoting equity, diversity, and inclusion in all its activities. We believe that the diversity of experiences, perspectives, and identities strengthens our ability to achieve our mission.<\/p>\n\n","protected":false},"excerpt":{"rendered":"<p>Sutton Traditional Fiddle Festival The STFF is dedicated to the traditional fiddle and offers a showcase for artists from the Quebec and international trad scene, in the heart of the beautiful village of Sutton. Over the years, the Festival has grown in popularity and has become a must-see summer event across the province -and even&hellip;<\/p>\n","protected":false},"author":5,"featured_media":9065,"parent":0,"menu_order":10,"comment_status":"closed","ping_status":"closed","template":"","meta":{"footnotes":""},"class_list":["post-9075","page","type-page","status-publish","has-post-thumbnail","hentry"],"yoast_head":"<!-- This site is optimized with the Yoast SEO plugin v27.3 - https:\/\/yoast.com\/product\/yoast-seo-wordpress\/ -->\n<title>Sutton Traditional Fiddle Festival<\/title>\n<meta name=\"description\" content=\"The STFF is dedicated to the traditional fiddle and offers a showcase for artists from the Quebec and international trad scene, in the heart of the beautiful village of Sutton.\" \/>\n<meta name=\"robots\" content=\"index, follow, max-snippet:-1, max-image-preview:large, max-video-preview:-1\" \/>\n<link rel=\"canonical\" href=\"https:\/\/violontraditionnelsutton.com\/en\/about\/\" \/>\n<meta property=\"og:locale\" content=\"en_US\" \/>\n<meta property=\"og:type\" content=\"article\" \/>\n<meta property=\"og:title\" content=\"Sutton Traditional Fiddle Festival\" \/>\n<meta property=\"og:description\" content=\"The STFF is dedicated to the traditional fiddle and offers a showcase for artists from the Quebec and international trad scene, in the heart of the beautiful village of Sutton.\" \/>\n<meta property=\"og:url\" content=\"https:\/\/violontraditionnelsutton.com\/en\/about\/\" \/>\n<meta property=\"og:site_name\" content=\"Sutton Traditional Fiddle\" \/>\n<meta property=\"article:publisher\" content=\"https:\/\/www.facebook.com\/violontrad\" \/>\n<meta property=\"article:modified_time\" content=\"2026-03-25T00:00:27+00:00\" \/>\n<meta property=\"og:image\" content=\"https:\/\/violontraditionnelsutton.com\/wp-content\/uploads\/2020\/09\/facebook-general-fvts.jpg\" \/>\n<meta name=\"twitter:card\" content=\"summary_large_image\" \/>\n<script type=\"application\/ld+json\" class=\"yoast-schema-graph\">{\"@context\":\"https:\\\/\\\/schema.org\",\"@graph\":[{\"@type\":\"WebPage\",\"@id\":\"https:\\\/\\\/violontraditionnelsutton.com\\\/en\\\/about\\\/\",\"url\":\"https:\\\/\\\/violontraditionnelsutton.com\\\/en\\\/about\\\/\",\"name\":\"Sutton Traditional Fiddle Festival\",\"isPartOf\":{\"@id\":\"https:\\\/\\\/violontraditionnelsutton.com\\\/en\\\/#website\"},\"primaryImageOfPage\":{\"@id\":\"https:\\\/\\\/violontraditionnelsutton.com\\\/en\\\/about\\\/#primaryimage\"},\"image\":{\"@id\":\"https:\\\/\\\/violontraditionnelsutton.com\\\/en\\\/about\\\/#primaryimage\"},\"thumbnailUrl\":\"https:\\\/\\\/violontraditionnelsutton.com\\\/wp-content\\\/uploads\\\/2020\\\/09\\\/FVTS-logo.png\",\"datePublished\":\"2021-05-11T17:16:18+00:00\",\"dateModified\":\"2026-03-25T00:00:27+00:00\",\"description\":\"The STFF is dedicated to the traditional fiddle and offers a showcase for artists from the Quebec and international trad scene, in the heart of the beautiful village of Sutton.\",\"breadcrumb\":{\"@id\":\"https:\\\/\\\/violontraditionnelsutton.com\\\/en\\\/about\\\/#breadcrumb\"},\"inLanguage\":\"en-US\",\"potentialAction\":[{\"@type\":\"ReadAction\",\"target\":[\"https:\\\/\\\/violontraditionnelsutton.com\\\/en\\\/about\\\/\"]}]},{\"@type\":\"ImageObject\",\"inLanguage\":\"en-US\",\"@id\":\"https:\\\/\\\/violontraditionnelsutton.com\\\/en\\\/about\\\/#primaryimage\",\"url\":\"https:\\\/\\\/violontraditionnelsutton.com\\\/wp-content\\\/uploads\\\/2020\\\/09\\\/FVTS-logo.png\",\"contentUrl\":\"https:\\\/\\\/violontraditionnelsutton.com\\\/wp-content\\\/uploads\\\/2020\\\/09\\\/FVTS-logo.png\",\"width\":512,\"height\":512,\"caption\":\"Sutton Traditional Fiddle\"},{\"@type\":\"BreadcrumbList\",\"@id\":\"https:\\\/\\\/violontraditionnelsutton.com\\\/en\\\/about\\\/#breadcrumb\",\"itemListElement\":[{\"@type\":\"ListItem\",\"position\":1,\"name\":\"Accueil\",\"item\":\"https:\\\/\\\/violontraditionnelsutton.com\\\/en\\\/home\\\/\"},{\"@type\":\"ListItem\",\"position\":2,\"name\":\"About\"}]},{\"@type\":\"WebSite\",\"@id\":\"https:\\\/\\\/violontraditionnelsutton.com\\\/en\\\/#website\",\"url\":\"https:\\\/\\\/violontraditionnelsutton.com\\\/en\\\/\",\"name\":\"Sutton Traditional Fiddle\",\"description\":\"Lively Music. Living Tradition.\",\"publisher\":{\"@id\":\"https:\\\/\\\/violontraditionnelsutton.com\\\/en\\\/#organization\"},\"potentialAction\":[{\"@type\":\"SearchAction\",\"target\":{\"@type\":\"EntryPoint\",\"urlTemplate\":\"https:\\\/\\\/violontraditionnelsutton.com\\\/en\\\/?s={search_term_string}\"},\"query-input\":{\"@type\":\"PropertyValueSpecification\",\"valueRequired\":true,\"valueName\":\"search_term_string\"}}],\"inLanguage\":\"en-US\"},{\"@type\":\"Organization\",\"@id\":\"https:\\\/\\\/violontraditionnelsutton.com\\\/en\\\/#organization\",\"name\":\"Festival violon traditionnel Sutton\",\"url\":\"https:\\\/\\\/violontraditionnelsutton.com\\\/en\\\/\",\"logo\":{\"@type\":\"ImageObject\",\"inLanguage\":\"en-US\",\"@id\":\"https:\\\/\\\/violontraditionnelsutton.com\\\/en\\\/#\\\/schema\\\/logo\\\/image\\\/\",\"url\":\"https:\\\/\\\/violontraditionnelsutton.com\\\/wp-content\\\/uploads\\\/2020\\\/09\\\/FVTS-logo.png\",\"contentUrl\":\"https:\\\/\\\/violontraditionnelsutton.com\\\/wp-content\\\/uploads\\\/2020\\\/09\\\/FVTS-logo.png\",\"width\":512,\"height\":512,\"caption\":\"Festival violon traditionnel Sutton\"},\"image\":{\"@id\":\"https:\\\/\\\/violontraditionnelsutton.com\\\/en\\\/#\\\/schema\\\/logo\\\/image\\\/\"},\"sameAs\":[\"https:\\\/\\\/www.facebook.com\\\/violontrad\",\"https:\\\/\\\/www.instagram.com\\\/violontradsutton\\\/\"]}]}<\/script>\n<!-- \/ Yoast SEO plugin. -->","yoast_head_json":{"title":"Sutton Traditional Fiddle Festival","description":"The STFF is dedicated to the traditional fiddle and offers a showcase for artists from the Quebec and international trad scene, in the heart of the beautiful village of Sutton.","robots":{"index":"index","follow":"follow","max-snippet":"max-snippet:-1","max-image-preview":"max-image-preview:large","max-video-preview":"max-video-preview:-1"},"canonical":"https:\/\/violontraditionnelsutton.com\/en\/about\/","og_locale":"en_US","og_type":"article","og_title":"Sutton Traditional Fiddle Festival","og_description":"The STFF is dedicated to the traditional fiddle and offers a showcase for artists from the Quebec and international trad scene, in the heart of the beautiful village of Sutton.","og_url":"https:\/\/violontraditionnelsutton.com\/en\/about\/","og_site_name":"Sutton Traditional Fiddle","article_publisher":"https:\/\/www.facebook.com\/violontrad","article_modified_time":"2026-03-25T00:00:27+00:00","og_image":[{"url":"https:\/\/violontraditionnelsutton.com\/wp-content\/uploads\/2020\/09\/facebook-general-fvts.jpg","type":"","width":"","height":""}],"twitter_card":"summary_large_image","schema":{"@context":"https:\/\/schema.org","@graph":[{"@type":"WebPage","@id":"https:\/\/violontraditionnelsutton.com\/en\/about\/","url":"https:\/\/violontraditionnelsutton.com\/en\/about\/","name":"Sutton Traditional Fiddle Festival","isPartOf":{"@id":"https:\/\/violontraditionnelsutton.com\/en\/#website"},"primaryImageOfPage":{"@id":"https:\/\/violontraditionnelsutton.com\/en\/about\/#primaryimage"},"image":{"@id":"https:\/\/violontraditionnelsutton.com\/en\/about\/#primaryimage"},"thumbnailUrl":"https:\/\/violontraditionnelsutton.com\/wp-content\/uploads\/2020\/09\/FVTS-logo.png","datePublished":"2021-05-11T17:16:18+00:00","dateModified":"2026-03-25T00:00:27+00:00","description":"The STFF is dedicated to the traditional fiddle and offers a showcase for artists from the Quebec and international trad scene, in the heart of the beautiful village of Sutton.","breadcrumb":{"@id":"https:\/\/violontraditionnelsutton.com\/en\/about\/#breadcrumb"},"inLanguage":"en-US","potentialAction":[{"@type":"ReadAction","target":["https:\/\/violontraditionnelsutton.com\/en\/about\/"]}]},{"@type":"ImageObject","inLanguage":"en-US","@id":"https:\/\/violontraditionnelsutton.com\/en\/about\/#primaryimage","url":"https:\/\/violontraditionnelsutton.com\/wp-content\/uploads\/2020\/09\/FVTS-logo.png","contentUrl":"https:\/\/violontraditionnelsutton.com\/wp-content\/uploads\/2020\/09\/FVTS-logo.png","width":512,"height":512,"caption":"Sutton Traditional Fiddle"},{"@type":"BreadcrumbList","@id":"https:\/\/violontraditionnelsutton.com\/en\/about\/#breadcrumb","itemListElement":[{"@type":"ListItem","position":1,"name":"Accueil","item":"https:\/\/violontraditionnelsutton.com\/en\/home\/"},{"@type":"ListItem","position":2,"name":"About"}]},{"@type":"WebSite","@id":"https:\/\/violontraditionnelsutton.com\/en\/#website","url":"https:\/\/violontraditionnelsutton.com\/en\/","name":"Sutton Traditional Fiddle","description":"Lively Music. Living Tradition.","publisher":{"@id":"https:\/\/violontraditionnelsutton.com\/en\/#organization"},"potentialAction":[{"@type":"SearchAction","target":{"@type":"EntryPoint","urlTemplate":"https:\/\/violontraditionnelsutton.com\/en\/?s={search_term_string}"},"query-input":{"@type":"PropertyValueSpecification","valueRequired":true,"valueName":"search_term_string"}}],"inLanguage":"en-US"},{"@type":"Organization","@id":"https:\/\/violontraditionnelsutton.com\/en\/#organization","name":"Festival violon traditionnel Sutton","url":"https:\/\/violontraditionnelsutton.com\/en\/","logo":{"@type":"ImageObject","inLanguage":"en-US","@id":"https:\/\/violontraditionnelsutton.com\/en\/#\/schema\/logo\/image\/","url":"https:\/\/violontraditionnelsutton.com\/wp-content\/uploads\/2020\/09\/FVTS-logo.png","contentUrl":"https:\/\/violontraditionnelsutton.com\/wp-content\/uploads\/2020\/09\/FVTS-logo.png","width":512,"height":512,"caption":"Festival violon traditionnel Sutton"},"image":{"@id":"https:\/\/violontraditionnelsutton.com\/en\/#\/schema\/logo\/image\/"},"sameAs":["https:\/\/www.facebook.com\/violontrad","https:\/\/www.instagram.com\/violontradsutton\/"]}]}},"_links":{"self":[{"href":"https:\/\/violontraditionnelsutton.com\/en\/wp-json\/wp\/v2\/pages\/9075","targetHints":{"allow":["GET"]}}],"collection":[{"href":"https:\/\/violontraditionnelsutton.com\/en\/wp-json\/wp\/v2\/pages"}],"about":[{"href":"https:\/\/violontraditionnelsutton.com\/en\/wp-json\/wp\/v2\/types\/page"}],"author":[{"embeddable":true,"href":"https:\/\/violontraditionnelsutton.com\/en\/wp-json\/wp\/v2\/users\/5"}],"replies":[{"embeddable":true,"href":"https:\/\/violontraditionnelsutton.com\/en\/wp-json\/wp\/v2\/comments?post=9075"}],"version-history":[{"count":24,"href":"https:\/\/violontraditionnelsutton.com\/en\/wp-json\/wp\/v2\/pages\/9075\/revisions"}],"predecessor-version":[{"id":14776,"href":"https:\/\/violontraditionnelsutton.com\/en\/wp-json\/wp\/v2\/pages\/9075\/revisions\/14776"}],"wp:featuredmedia":[{"embeddable":true,"href":"https:\/\/violontraditionnelsutton.com\/en\/wp-json\/wp\/v2\/media\/9065"}],"wp:attachment":[{"href":"https:\/\/violontraditionnelsutton.com\/en\/wp-json\/wp\/v2\/media?parent=9075"}],"curies":[{"name":"wp","href":"https:\/\/api.w.org\/{rel}","templated":true}]}}